{"id":2816,"date":"2023-08-02T17:17:35","date_gmt":"2023-08-02T15:17:35","guid":{"rendered":"https:\/\/www.crociereroyalcaribbean.com\/blog\/?page_id=2816"},"modified":"2023-09-29T16:47:56","modified_gmt":"2023-09-29T14:47:56","slug":"viaggidinozze","status":"publish","type":"page","link":"https:\/\/www.crociereroyalcaribbean.com\/blog\/index.php\/viaggidinozze\/","title":{"rendered":"viaggidinozze"},"content":{"rendered":"<p>[et_pb_section fb_built=&#8221;1&#8243; custom_padding_last_edited=&#8221;on|phone&#8221; disabled_on=&#8221;on|on|off&#8221; _builder_version=&#8221;4.17.4&#8243; _module_preset=&#8221;default&#8221; background_image=&#8221;https:\/\/www.crociereroyalcaribbean.com\/blog\/wp-content\/uploads\/Perfect-Day-HERO.jpg&#8221; custom_padding=&#8221;37px||585px||false|false&#8221; custom_padding_tablet=&#8221;37px||585px||false|false&#8221; custom_padding_phone=&#8221;89px||89px||true|false&#8221; background_last_edited=&#8221;on|phone&#8221; global_colors_info=&#8221;{}&#8221;][\/et_pb_section][et_pb_section fb_built=&#8221;1&#8243; custom_padding_last_edited=&#8221;on|phone&#8221; disabled_on=&#8221;off|off|on&#8221; _builder_version=&#8221;4.17.4&#8243; _module_preset=&#8221;default&#8221; background_image=&#8221;https:\/\/www.crociereroyalcaribbean.com\/blog\/wp-content\/uploads\/Perfect-Day-HERO.jpg&#8221; custom_padding=&#8221;37px||585px||false|false&#8221; custom_padding_tablet=&#8221;131px||490px||false|false&#8221; custom_padding_phone=&#8221;76px||406px||false|false&#8221; background_last_edited=&#8221;on|tablet&#8221; background_image_tablet=&#8221;https:\/\/www.crociereroyalcaribbean.com\/blog\/wp-content\/uploads\/RCI_PDC_052019_JD_Day2_DP1_scurita.jpg&#8221; background_image_phone=&#8221;https:\/\/www.crociereroyalcaribbean.com\/blog\/wp-content\/uploads\/RCI_PDC_052019_JD_Day2_DP1_scurita.jpg&#8221; background_enable_image_tablet=&#8221;on&#8221; background_enable_image_phone=&#8221;on&#8221; global_colors_info=&#8221;{}&#8221;][et_pb_row custom_padding_last_edited=&#8221;on|tablet&#8221; _builder_version=&#8221;4.17.4&#8243; _module_preset=&#8221;default&#8221; custom_margin=&#8221;21px|auto||auto|false|false&#8221; custom_margin_tablet=&#8221;0px||||false|false&#8221; custom_margin_phone=&#8221;34px||-100px||false|false&#8221; custom_margin_last_edited=&#8221;on|tablet&#8221; custom_padding=&#8221;22px||0px||false|false&#8221; custom_padding_tablet=&#8221;0px||0px||false|false&#8221; custom_padding_phone=&#8221;0px||0px||false|false&#8221; global_colors_info=&#8221;{}&#8221;][et_pb_column type=&#8221;4_4&#8243; _builder_version=&#8221;4.17.4&#8243; _module_preset=&#8221;default&#8221; global_colors_info=&#8221;{}&#8221;][et_pb_text content_tablet=&#8221;<\/p>\n<h1>IL TUO VIAGGIO DI NOZZE DA SOGNO A PREZZI SPECIALI!<\/h1>\n<p>&#8221; content_phone=&#8221;<\/p>\n<h1>IL TUO VIAGGIO DI NOZZE DA SOGNO <br \/>A PREZZI SPECIALI!<\/h1>\n<p>&#8221; content_last_edited=&#8221;on|phone&#8221; disabled_on=&#8221;off|off|off&#8221; _builder_version=&#8221;4.17.4&#8243; _module_preset=&#8221;default&#8221; header_font=&#8221;Kapra|||on|||||&#8221; header_text_align=&#8221;center&#8221; header_text_color=&#8221;#FFFFFF&#8221; header_font_size=&#8221;65px&#8221; header_line_height=&#8221;1.1em&#8221; header_font_size_tablet=&#8221;58px&#8221; header_font_size_phone=&#8221;53px&#8221; header_font_size_last_edited=&#8221;on|tablet&#8221; locked=&#8221;off&#8221; global_colors_info=&#8221;{}&#8221;]<\/p>\n<h1>IL TUO VIAGGIO DI NOZZE DA SOGNO A PREZZI SPECIALI!<\/h1>\n<p>[\/et_pb_text][\/et_pb_column][\/et_pb_row][\/et_pb_section][et_pb_section fb_built=&#8221;1&#8243; custom_padding_last_edited=&#8221;on|desktop&#8221; _builder_version=&#8221;4.17.4&#8243; _module_preset=&#8221;default&#8221; custom_margin_tablet=&#8221;||||false|false&#8221; custom_margin_phone=&#8221;||||false|false&#8221; custom_margin_last_edited=&#8221;on|tablet&#8221; custom_padding=&#8221;35px||||false|false&#8221; custom_padding_tablet=&#8221;0px||||false|false&#8221; custom_padding_phone=&#8221;0px||||false|false&#8221; global_colors_info=&#8221;{}&#8221;][et_pb_row custom_padding_last_edited=&#8221;on|phone&#8221; _builder_version=&#8221;4.17.4&#8243; _module_preset=&#8221;default&#8221; custom_padding=&#8221;30px||65px|||&#8221; custom_padding_tablet=&#8221;30px||30px||false|false&#8221; custom_padding_phone=&#8221;30px||30px||false|false&#8221; global_colors_info=&#8221;{}&#8221;][et_pb_column type=&#8221;4_4&#8243; _builder_version=&#8221;4.17.4&#8243; _module_preset=&#8221;default&#8221; global_colors_info=&#8221;{}&#8221;][et_pb_image src=&#8221;https:\/\/www.crociereroyalcaribbean.com\/blog\/wp-content\/uploads\/RCI_Royal_Caribbean_Logo.jpeg&#8221; title_text=&#8221;RCI_Royal_Caribbean_Logo&#8221; align=&#8221;center&#8221; _builder_version=&#8221;4.17.4&#8243; _module_preset=&#8221;default&#8221; width=&#8221;30%&#8221; width_tablet=&#8221;35%&#8221; width_phone=&#8221;69%&#8221; width_last_edited=&#8221;on|phone&#8221; global_colors_info=&#8221;{}&#8221;][\/et_pb_image][\/et_pb_column][\/et_pb_row][et_pb_row _builder_version=&#8221;4.17.4&#8243; _module_preset=&#8221;default&#8221; custom_padding=&#8221;5px||2px|||&#8221; global_colors_info=&#8221;{}&#8221;][et_pb_column type=&#8221;4_4&#8243; _builder_version=&#8221;4.17.4&#8243; _module_preset=&#8221;default&#8221; global_colors_info=&#8221;{}&#8221;][et_pb_text content_tablet=&#8221;<\/p>\n<h1>Vivi il tuo viaggio di nozze da sogno ai Caraibi<br \/>con Royal Caribbean!<\/h1>\n<p>&#8221; content_phone=&#8221;<\/p>\n<h1>VIVI IL TUO VIAGGIO Di NOZZE DA SOGNO AI CARAIBI<\/h1>\n<p>&#8221; content_last_edited=&#8221;on|phone&#8221; disabled_on=&#8221;on|off|off&#8221; _builder_version=&#8221;4.17.4&#8243; _module_preset=&#8221;default&#8221; header_font=&#8221;Kapra|||on|||||&#8221; header_text_align=&#8221;center&#8221; header_text_color=&#8221;#15264C&#8221; header_font_size=&#8221;65px&#8221; header_line_height=&#8221;1.1em&#8221; custom_margin=&#8221;||0px||false|false&#8221; custom_padding=&#8221;||39px|||&#8221; header_font_size_tablet=&#8221;43px&#8221; header_font_size_phone=&#8221;36px&#8221; header_font_size_last_edited=&#8221;on|phone&#8221; global_colors_info=&#8221;{}&#8221;]<\/p>\n<h1>IL TUO VIAGGIO DI NOZZE DA SOGNO A PREZZI SPECIALI!<\/h1>\n<p>[\/et_pb_text][et_pb_text content_tablet=&#8221;<\/p>\n<h2 style=%22font-weight: 400;%22>PARTI ALLA SCOPERTA DEI CARAIBI TRA AMORE,<\/h2>\n<h2 style=%22font-weight: 400;%22>AVVENTURA E RELAX.<\/h2>\n<p>&#8221; content_phone=&#8221;<\/p>\n<h2 style=%22font-weight: 400;%22>PARTI ALLA SCOPERTA DEI CARAIBI TRA AMORE, AVVENTURA E RELAX.<\/h2>\n<p>&#8221; content_last_edited=&#8221;on|phone&#8221; disabled_on=&#8221;off|off|off&#8221; _builder_version=&#8221;4.17.4&#8243; _module_preset=&#8221;default&#8221; header_font=&#8221;Kapra|||on|||||&#8221; header_text_align=&#8221;center&#8221; header_text_color=&#8221;#15264C&#8221; header_font_size=&#8221;65px&#8221; header_line_height=&#8221;1.1em&#8221; header_2_font=&#8221;Kapra|||on|||||&#8221; header_2_text_align=&#8221;center&#8221; header_2_text_color=&#8221;#15264C&#8221; header_2_font_size=&#8221;60px&#8221; custom_padding=&#8221;||26px|||&#8221; header_font_size_tablet=&#8221;43px&#8221; header_font_size_phone=&#8221;36px&#8221; header_font_size_last_edited=&#8221;on|phone&#8221; header_2_font_size_tablet=&#8221;36px&#8221; header_2_font_size_phone=&#8221;34px&#8221; header_2_font_size_last_edited=&#8221;on|tablet&#8221; global_colors_info=&#8221;{}&#8221;]<\/p>\n<h2 style=\"font-weight: 400;\">PARTI ALLA SCOPERTA DEI CARAIBI TRA<\/h2>\n<h2 style=\"font-weight: 400;\">AMORE, AVVENTURA E RELAX.<\/h2>\n<p>[\/et_pb_text][\/et_pb_column][\/et_pb_row][et_pb_row _builder_version=&#8221;4.17.4&#8243; _module_preset=&#8221;default&#8221; custom_padding=&#8221;9px||8px|||&#8221; global_colors_info=&#8221;{}&#8221;][et_pb_column type=&#8221;4_4&#8243; _builder_version=&#8221;4.17.4&#8243; _module_preset=&#8221;default&#8221; global_colors_info=&#8221;{}&#8221;][et_pb_text content_tablet=&#8221;<\/p>\n<p style=%22font-weight: 400;%22><span>Scegli una crociera ai Caraibi e lascia che Royal Caribbean renda <\/span><span>il tuo viaggio di nozze ancora pi\u00f9 speciale <\/span><span>con un doppio regalo pensato solo per te!<\/span><\/p>\n<p style=%22font-weight: 400;%22>Ricevi subito uno <span style=%22color: #e51483;%22><strong>SCONTO DEL 3%<\/strong><\/span> sulla quota crociera<br \/><span>e, in pi\u00f9, ottieni <span style=%22color: #e51483;%22><strong>50$ DI CREDITO A BORDO.<\/strong><\/span><\/span><\/p>\n<p>Vivrai un viaggio indimenticabile tra serate magiche e cene a lume di candela, momenti di puro relax su spiagge da sogno e, inoltre, potrai esplorare i fondali marini con sessioni di snorkeling.<\/p>\n<p style=%22font-weight: 400;%22><span>Non perdere l&#8217;opportunit\u00e0 di ricevere il tuo regalo,<br \/><\/span>compila il modulo in basso e genera il tuo <span style=%22color: #005edc;%22><strong>codice regalo<\/strong>.<br \/><\/span>Chiama poi il numero <span style=%22color: #005edc;%22><strong>02 8294 0206<\/strong><\/span>, fornisci il codice e prenota la tua crociera a un prezzo speciale.<\/p>\n<p>&#8221; content_phone=&#8221;<\/p>\n<p style=%22font-weight: 400;%22><span>Scegli una crociera ai Caraibi e lascia che Royal Caribbean renda <\/span><span>il tuo viaggio di nozze ancora pi\u00f9 speciale <\/span><span>con un doppio regalo pensato solo per te!<\/span><\/p>\n<p style=%22font-weight: 400;%22>Ricevi subito uno <span style=%22color: #e51483;%22><strong>SCONTO DEL 3%<\/strong><\/span> sulla quota crociera <span>e, in pi\u00f9, ottieni <br \/><span style=%22color: #e51483;%22><strong>50$ DI CREDITO A BORDO.<\/strong><\/span><\/span><\/p>\n<p>Vivrai un viaggio indimenticabile tra serate magiche e cene a lume di candela, momenti di puro relax su spiagge da sogno e, inoltre, potrai esplorare i fondali marini con sessioni di snorkeling.<\/p>\n<p style=%22font-weight: 400;%22><span>Non perdere l&#8217;opportunit\u00e0 di ricevere il tuo regalo, <\/span>compila il modulo in basso e genera il tuo <span style=%22color: #005edc;%22><strong>codice regalo<\/strong>.<br \/><\/span>Chiama poi il numero <span style=%22color: #005edc;%22><strong>02 8294 0206<\/strong><\/span>, fornisci il codice e prenota la tua crociera a un prezzo speciale.<\/p>\n<p>&#8221; content_last_edited=&#8221;on|phone&#8221; _builder_version=&#8221;4.17.4&#8243; _module_preset=&#8221;default&#8221; text_font=&#8221;Darwin||||||||&#8221; text_text_color=&#8221;#15264C&#8221; text_font_size=&#8221;25px&#8221; text_line_height=&#8221;1.9em&#8221; header_font=&#8221;Darwin|800|||||||&#8221; header_text_align=&#8221;center&#8221; header_text_color=&#8221;#15264C&#8221; header_font_size=&#8221;39px&#8221; text_orientation=&#8221;center&#8221; custom_margin_tablet=&#8221;-40px||||false|false&#8221; custom_margin_phone=&#8221;-40px||||false|false&#8221; custom_margin_last_edited=&#8221;on|desktop&#8221; custom_padding=&#8221;|15px||15px|false|true&#8221; custom_padding_tablet=&#8221;|0px||0px|false|true&#8221; custom_padding_phone=&#8221;|0px||0px|false|true&#8221; custom_padding_last_edited=&#8221;on|desktop&#8221; hover_enabled=&#8221;0&#8243; text_font_size_tablet=&#8221;23px&#8221; text_font_size_phone=&#8221;18px&#8221; text_font_size_last_edited=&#8221;on|tablet&#8221; global_colors_info=&#8221;{}&#8221; sticky_enabled=&#8221;0&#8243;]<\/p>\n<p style=\"font-weight: 400;\"><span>Scegli una crociera ai Caraibi e lascia che Royal Caribbean renda <\/span><span>il tuo viaggio di nozze<br \/>ancora pi\u00f9 speciale <\/span><span>con un doppio regalo pensato solo per te!<\/span><\/p>\n<p style=\"font-weight: 400;\">Ricevi subito uno <span style=\"color: #e51483;\"><strong>SCONTO DEL 3%<\/strong><\/span> sulla quota crociera<br \/><span>e, in pi\u00f9, ottieni <span style=\"color: #e51483;\"><strong>50$ DI CREDITO A BORDO.<\/strong><\/span><\/span><\/p>\n<p>Vivrai un viaggio indimenticabile tra serate magiche e cene a lume di candela, momenti di puro relax su spiagge da sogno e, inoltre, potrai esplorare i fondali marini con sessioni di snorkeling.<\/p>\n<p style=\"font-weight: 400;\"><span>Non perdere l&#8217;opportunit\u00e0 di ricevere il tuo regalo,<br \/><\/span>compila il modulo in basso e genera il tuo <span style=\"color: #005edc;\"><strong>codice regalo<\/strong>.<br \/><\/span>Chiama poi il numero <span style=\"color: #005edc;\"><strong>02 8294 0206<\/strong><\/span>, fornisci il codice e prenota la tua crociera a un prezzo speciale.<\/p>\n<p>[\/et_pb_text][\/et_pb_column][\/et_pb_row][et_pb_row _builder_version=&#8221;4.17.4&#8243; _module_preset=&#8221;default&#8221; global_colors_info=&#8221;{}&#8221;][et_pb_column type=&#8221;4_4&#8243; _builder_version=&#8221;4.17.4&#8243; _module_preset=&#8221;default&#8221; global_colors_info=&#8221;{}&#8221;][et_pb_text _builder_version=&#8221;4.17.4&#8243; _module_preset=&#8221;default&#8221; text_font=&#8221;Darwin||||||||&#8221; text_text_color=&#8221;#15264C&#8221; text_font_size=&#8221;23px&#8221; text_line_height=&#8221;1.9em&#8221; header_font=&#8221;Darwin|800|||||||&#8221; header_text_align=&#8221;center&#8221; header_text_color=&#8221;#15264C&#8221; header_font_size=&#8221;39px&#8221; global_colors_info=&#8221;{}&#8221;]<\/p>\n<div class=\"_form_168\"><\/div>\n<p><script src=\"https:\/\/executivecruises.activehosted.com\/f\/embed.php?id=168\" type=\"text\/javascript\" charset=\"utf-8\"><\/script>[\/et_pb_text][\/et_pb_column][\/et_pb_row][et_pb_row column_structure=&#8221;1_3,1_3,1_3&#8243; use_custom_gutter=&#8221;on&#8221; gutter_width=&#8221;1&#8243; _builder_version=&#8221;4.17.4&#8243; _module_preset=&#8221;default&#8221; width=&#8221;100%&#8221; custom_padding=&#8221;4px||3px|||&#8221; global_colors_info=&#8221;{}&#8221;][et_pb_column type=&#8221;1_3&#8243; _builder_version=&#8221;4.17.4&#8243; _module_preset=&#8221;default&#8221; global_colors_info=&#8221;{}&#8221;][et_pb_image src=&#8221;https:\/\/www.crociereroyalcaribbean.com\/blog\/wp-content\/uploads\/RCI_FloatingCabana_0020_RET_CMYK.jpeg&#8221; title_text=&#8221;RCI_RC_Logo_3PMS&#8221; align=&#8221;center&#8221; _builder_version=&#8221;4.17.4&#8243; _module_preset=&#8221;default&#8221; width=&#8221;100%&#8221; width_tablet=&#8221;100%&#8221; width_phone=&#8221;100%&#8221; width_last_edited=&#8221;on|phone&#8221; global_colors_info=&#8221;{}&#8221;][\/et_pb_image][\/et_pb_column][et_pb_column type=&#8221;1_3&#8243; _builder_version=&#8221;4.17.4&#8243; _module_preset=&#8221;default&#8221; global_colors_info=&#8221;{}&#8221;][et_pb_image src=&#8221;https:\/\/www.crociereroyalcaribbean.com\/blog\/wp-content\/uploads\/IMG-3.jpg&#8221; _builder_version=&#8221;4.17.4&#8243; _module_preset=&#8221;default&#8221; global_colors_info=&#8221;{}&#8221;][\/et_pb_image][\/et_pb_column][et_pb_column type=&#8221;1_3&#8243; _builder_version=&#8221;4.17.4&#8243; _module_preset=&#8221;default&#8221; global_colors_info=&#8221;{}&#8221;][et_pb_image src=&#8221;https:\/\/www.crociereroyalcaribbean.com\/blog\/wp-content\/uploads\/RCI_AL_AQ_Suite_11730_balcony_7655.jpeg&#8221; _builder_version=&#8221;4.17.4&#8243; _module_preset=&#8221;default&#8221; global_colors_info=&#8221;{}&#8221;][\/et_pb_image][\/et_pb_column][\/et_pb_row][et_pb_row _builder_version=&#8221;4.17.4&#8243; _module_preset=&#8221;default&#8221; global_colors_info=&#8221;{}&#8221;][et_pb_column type=&#8221;4_4&#8243; _builder_version=&#8221;4.17.4&#8243; _module_preset=&#8221;default&#8221; global_colors_info=&#8221;{}&#8221;][et_pb_text _builder_version=&#8221;4.17.4&#8243; _module_preset=&#8221;default&#8221; text_font=&#8221;Darwin||||||||&#8221; text_text_color=&#8221;#15264C&#8221; text_font_size=&#8221;15px&#8221; text_line_height=&#8221;1.6em&#8221; header_font=&#8221;Darwin|800|||||||&#8221; header_text_align=&#8221;center&#8221; header_text_color=&#8221;#15264C&#8221; header_font_size=&#8221;39px&#8221; global_colors_info=&#8221;{}&#8221;]<span style=\"color: #005edc;\"><strong>Termini e condizioni<\/strong><br \/>\n<\/span><\/p>\n<p style=\"font-weight: 400;\"><span>Lo <span style=\"color: #005edc;\"><strong>SCONTO DEL 3% <\/strong><\/span> si intende per ogni cabina doppia su tutte le prenotazioni effettuate nel periodo compreso tra il 30 settembre 2023 e il 15 dicembre 2023. Lo sconto sar\u00e0 applicato esclusivamente sulle crociere in partenza nel 2024 verso i Caraibi e dovr\u00e0 essere presentato all&#8217;atto di prenotazione mediante codice promozionale. La promozione non \u00e8 retroattiva e lo sconto non sar\u00e0 applicato su prenotazioni prese successivamente al 15 dicembre 2023.<\/span><\/p>\n<p style=\"font-weight: 400;\"><span>\u00a0<\/span><span>La promozione <span style=\"color: #005edc;\"><strong>CREDITO A BORDO DI 50$ <\/strong><\/span>offre un credito a bordo di 50 dollari per ogni cabina doppia ed \u00e8 applicabile per tutte le prenotazioni effettuate nel periodo compreso tra il 30 settembre 2023 e il 15 dicembre 2023. Il credito a bordo sar\u00e0 utilizzabile esclusivamente sulle crociere in partenza nel 2024 verso i Caraibi. La promozione non \u00e8 retroattiva.<\/span><\/p>\n<p style=\"font-weight: 400;\"><span>Per maggiori informazioni contattaci al numero <span style=\"color: #005edc;\"><strong>02 8294 0206<\/strong>.<\/span><\/span><\/p>\n<p>[\/et_pb_text][\/et_pb_column][\/et_pb_row][\/et_pb_section]<\/p>\n","protected":false},"excerpt":{"rendered":"<p>IL TUO VIAGGIO DI NOZZE DA SOGNO A PREZZI SPECIALI!IL TUO VIAGGIO DI NOZZE DA SOGNO A PREZZI SPECIALI!PARTI ALLA SCOPERTA DEI CARAIBI TRA AMORE, AVVENTURA E RELAX.Scegli una crociera ai Caraibi e lascia che Royal Caribbean renda il tuo viaggio di nozzeancora pi\u00f9 speciale con un doppio regalo pensato solo per te! Ricevi subito [&hellip;]<\/p>\n","protected":false},"author":3,"featured_media":0,"parent":0,"menu_order":0,"comment_status":"closed","ping_status":"closed","template":"page-template-blank.php","meta":{"_et_pb_use_builder":"on","_et_pb_old_content":"","_et_gb_content_width":"","footnotes":""},"yoast_head":"<!-- This site is optimized with the Yoast SEO plugin v22.0 - https:\/\/yoast.com\/wordpress\/plugins\/seo\/ -->\n<title>viaggidinozze - Crociere Royal Caribbean<\/title>\n<meta name=\"robots\" content=\"index, follow, max-snippet:-1, max-image-preview:large, max-video-preview:-1\" \/>\n<link rel=\"canonical\" href=\"https:\/\/www.crociereroyalcaribbean.com\/blog\/index.php\/viaggidinozze\/\" \/>\n<meta property=\"og:locale\" content=\"en_US\" \/>\n<meta property=\"og:type\" content=\"article\" \/>\n<meta property=\"og:title\" content=\"viaggidinozze - Crociere Royal Caribbean\" \/>\n<meta property=\"og:description\" content=\"IL TUO VIAGGIO DI NOZZE DA SOGNO A PREZZI SPECIALI!IL TUO VIAGGIO DI NOZZE DA SOGNO A PREZZI SPECIALI!PARTI ALLA SCOPERTA DEI CARAIBI TRA AMORE, AVVENTURA E RELAX.Scegli una crociera ai Caraibi e lascia che Royal Caribbean renda il tuo viaggio di nozzeancora pi\u00f9 speciale con un doppio regalo pensato solo per te! Ricevi subito [&hellip;]\" \/>\n<meta property=\"og:url\" content=\"https:\/\/www.crociereroyalcaribbean.com\/blog\/index.php\/viaggidinozze\/\" \/>\n<meta property=\"og:site_name\" content=\"Crociere Royal Caribbean\" \/>\n<meta property=\"article:modified_time\" content=\"2023-09-29T14:47:56+00:00\" \/>\n<meta name=\"twitter:card\" content=\"summary_large_image\" \/>\n<meta name=\"twitter:label1\" content=\"Est. reading time\" \/>\n\t<meta name=\"twitter:data1\" content=\"1 minute\" \/>\n<script type=\"application\/ld+json\" class=\"yoast-schema-graph\">{\"@context\":\"https:\/\/schema.org\",\"@graph\":[{\"@type\":\"WebPage\",\"@id\":\"https:\/\/www.crociereroyalcaribbean.com\/blog\/index.php\/viaggidinozze\/\",\"url\":\"https:\/\/www.crociereroyalcaribbean.com\/blog\/index.php\/viaggidinozze\/\",\"name\":\"viaggidinozze - Crociere Royal Caribbean\",\"isPartOf\":{\"@id\":\"https:\/\/www.crociereroyalcaribbean.com\/blog\/#website\"},\"datePublished\":\"2023-08-02T15:17:35+00:00\",\"dateModified\":\"2023-09-29T14:47:56+00:00\",\"breadcrumb\":{\"@id\":\"https:\/\/www.crociereroyalcaribbean.com\/blog\/index.php\/viaggidinozze\/#breadcrumb\"},\"inLanguage\":\"en-US\",\"potentialAction\":[{\"@type\":\"ReadAction\",\"target\":[\"https:\/\/www.crociereroyalcaribbean.com\/blog\/index.php\/viaggidinozze\/\"]}]},{\"@type\":\"BreadcrumbList\",\"@id\":\"https:\/\/www.crociereroyalcaribbean.com\/blog\/index.php\/viaggidinozze\/#breadcrumb\",\"itemListElement\":[{\"@type\":\"ListItem\",\"position\":1,\"name\":\"Home\",\"item\":\"https:\/\/www.crociereroyalcaribbean.com\/blog\/\"},{\"@type\":\"ListItem\",\"position\":2,\"name\":\"viaggidinozze\"}]},{\"@type\":\"WebSite\",\"@id\":\"https:\/\/www.crociereroyalcaribbean.com\/blog\/#website\",\"url\":\"https:\/\/www.crociereroyalcaribbean.com\/blog\/\",\"name\":\"Crociere Royal Caribbean\",\"description\":\"Blog\",\"potentialAction\":[{\"@type\":\"SearchAction\",\"target\":{\"@type\":\"EntryPoint\",\"urlTemplate\":\"https:\/\/www.crociereroyalcaribbean.com\/blog\/?s={search_term_string}\"},\"query-input\":\"required name=search_term_string\"}],\"inLanguage\":\"en-US\"}]}<\/script>\n<!-- \/ Yoast SEO plugin. -->","yoast_head_json":{"title":"viaggidinozze - Crociere Royal Caribbean","robots":{"index":"index","follow":"follow","max-snippet":"max-snippet:-1","max-image-preview":"max-image-preview:large","max-video-preview":"max-video-preview:-1"},"canonical":"https:\/\/www.crociereroyalcaribbean.com\/blog\/index.php\/viaggidinozze\/","og_locale":"en_US","og_type":"article","og_title":"viaggidinozze - Crociere Royal Caribbean","og_description":"IL TUO VIAGGIO DI NOZZE DA SOGNO A PREZZI SPECIALI!IL TUO VIAGGIO DI NOZZE DA SOGNO A PREZZI SPECIALI!PARTI ALLA SCOPERTA DEI CARAIBI TRA AMORE, AVVENTURA E RELAX.Scegli una crociera ai Caraibi e lascia che Royal Caribbean renda il tuo viaggio di nozzeancora pi\u00f9 speciale con un doppio regalo pensato solo per te! Ricevi subito [&hellip;]","og_url":"https:\/\/www.crociereroyalcaribbean.com\/blog\/index.php\/viaggidinozze\/","og_site_name":"Crociere Royal Caribbean","article_modified_time":"2023-09-29T14:47:56+00:00","twitter_card":"summary_large_image","twitter_misc":{"Est. reading time":"1 minute"},"schema":{"@context":"https:\/\/schema.org","@graph":[{"@type":"WebPage","@id":"https:\/\/www.crociereroyalcaribbean.com\/blog\/index.php\/viaggidinozze\/","url":"https:\/\/www.crociereroyalcaribbean.com\/blog\/index.php\/viaggidinozze\/","name":"viaggidinozze - Crociere Royal Caribbean","isPartOf":{"@id":"https:\/\/www.crociereroyalcaribbean.com\/blog\/#website"},"datePublished":"2023-08-02T15:17:35+00:00","dateModified":"2023-09-29T14:47:56+00:00","breadcrumb":{"@id":"https:\/\/www.crociereroyalcaribbean.com\/blog\/index.php\/viaggidinozze\/#breadcrumb"},"inLanguage":"en-US","potentialAction":[{"@type":"ReadAction","target":["https:\/\/www.crociereroyalcaribbean.com\/blog\/index.php\/viaggidinozze\/"]}]},{"@type":"BreadcrumbList","@id":"https:\/\/www.crociereroyalcaribbean.com\/blog\/index.php\/viaggidinozze\/#breadcrumb","itemListElement":[{"@type":"ListItem","position":1,"name":"Home","item":"https:\/\/www.crociereroyalcaribbean.com\/blog\/"},{"@type":"ListItem","position":2,"name":"viaggidinozze"}]},{"@type":"WebSite","@id":"https:\/\/www.crociereroyalcaribbean.com\/blog\/#website","url":"https:\/\/www.crociereroyalcaribbean.com\/blog\/","name":"Crociere Royal Caribbean","description":"Blog","potentialAction":[{"@type":"SearchAction","target":{"@type":"EntryPoint","urlTemplate":"https:\/\/www.crociereroyalcaribbean.com\/blog\/?s={search_term_string}"},"query-input":"required name=search_term_string"}],"inLanguage":"en-US"}]}},"_links":{"self":[{"href":"https:\/\/www.crociereroyalcaribbean.com\/blog\/index.php\/wp-json\/wp\/v2\/pages\/2816"}],"collection":[{"href":"https:\/\/www.crociereroyalcaribbean.com\/blog\/index.php\/wp-json\/wp\/v2\/pages"}],"about":[{"href":"https:\/\/www.crociereroyalcaribbean.com\/blog\/index.php\/wp-json\/wp\/v2\/types\/page"}],"author":[{"embeddable":true,"href":"https:\/\/www.crociereroyalcaribbean.com\/blog\/index.php\/wp-json\/wp\/v2\/users\/3"}],"replies":[{"embeddable":true,"href":"https:\/\/www.crociereroyalcaribbean.com\/blog\/index.php\/wp-json\/wp\/v2\/comments?post=2816"}],"version-history":[{"count":41,"href":"https:\/\/www.crociereroyalcaribbean.com\/blog\/index.php\/wp-json\/wp\/v2\/pages\/2816\/revisions"}],"predecessor-version":[{"id":2938,"href":"https:\/\/www.crociereroyalcaribbean.com\/blog\/index.php\/wp-json\/wp\/v2\/pages\/2816\/revisions\/2938"}],"wp:attachment":[{"href":"https:\/\/www.crociereroyalcaribbean.com\/blog\/index.php\/wp-json\/wp\/v2\/media?parent=2816"}],"curies":[{"name":"wp","href":"https:\/\/api.w.org\/{rel}","templated":true}]}}